{"id":62,"date":"2024-11-21T08:33:32","date_gmt":"2024-11-21T08:33:32","guid":{"rendered":"https:\/\/reachout.keystonedemo.com\/?page_id=62"},"modified":"2025-12-21T14:59:18","modified_gmt":"2025-12-21T14:59:18","slug":"iletisim","status":"publish","type":"page","link":"https:\/\/www.turkeybrandlaw.com\/tr\/iletisim\/","title":{"rendered":"\u0130leti\u015fim"},"content":{"rendered":"\t\t<div data-elementor-type=\"wp-page\" data-elementor-id=\"62\" class=\"elementor elementor-62\">\n\t\t\t\t<div class=\"elementor-element elementor-element-c74c069 e-flex e-con-boxed e-con e-parent\" data-id=\"c74c069\" data-element_type=\"container\">\n\t\t\t\t\t<div class=\"e-con-inner\">\n\t\t\t\t<div class=\"elementor-element elementor-element-0967e81 elementor-widget elementor-widget-html\" data-id=\"0967e81\" data-element_type=\"widget\" data-settings=\"{&quot;ekit_we_effect_on&quot;:&quot;none&quot;}\" data-widget_type=\"html.default\">\n\t\t\t\t\t<!-- TURKEY BRAND LAW \u2013 CONTACT (TR) | CONTENT-ONLY HTML | Clean \/ Flat \/ No shadows -->\n<section id=\"yg-contact\" style=\"\n  --bg:#ffffff;\n  --soft:#f6f7fb;\n  --ink:#0b0b0c;\n  --muted:#5b666e;\n  --line:#e7e9ef;\n  --radius:12px;\n  --container:1100px;\n  background:var(--bg);\n  color:var(--ink);\n  font-family: ui-sans-serif, system-ui, -apple-system, Segoe UI, Roboto, Helvetica, Arial;\n  line-height:1.75;\n  padding: clamp(22px, 3.5vw, 56px) 16px;\n\">\n  <style>\n    #yg-contact *{box-sizing:border-box}\n    #yg-contact .container{width:min(var(--container),100%);margin:0 auto}\n    #yg-contact a{color:inherit}\n    #yg-contact .hero{\n      border:1px solid var(--line);\n      border-radius:16px;\n      background:#fff;\n      padding:28px;\n      margin-bottom:16px;\n    }\n    #yg-contact .kicker{\n      display:inline-block;\n      font-size:11px;\n      letter-spacing:.08em;\n      text-transform:uppercase;\n      color:var(--muted);\n      border:1px solid var(--line);\n      border-radius:999px;\n      padding:6px 10px;\n      background:var(--soft);\n    }\n    #yg-contact h1{\n      margin:12px 0 8px;\n      font-size:clamp(28px,3.3vw,44px);\n      line-height:1.15;\n      letter-spacing:-.02em;\n    }\n    #yg-contact .lead{\n      margin:0;\n      color:var(--muted);\n      max-width:90ch;\n      font-size:16.5px;\n    }\n\n    #yg-contact .grid{\n      display:grid;\n      grid-template-columns: 1.05fr .95fr;\n      gap:14px;\n      align-items:start;\n    }\n\n    #yg-contact .panel{\n      border:1px solid var(--line);\n      border-radius:14px;\n      background:#fff;\n      padding:20px;\n    }\n    #yg-contact h2{\n      font-size:16px;\n      margin:0 0 10px;\n      letter-spacing:-.01em;\n    }\n    #yg-contact p{margin:0 0 10px;color:var(--muted)}\n    #yg-contact .meta{\n      display:grid;\n      gap:10px;\n      margin-top:10px;\n      font-size:14.5px;\n      color:var(--muted);\n    }\n    #yg-contact .meta b{color:var(--ink)}\n    #yg-contact .meta a{text-decoration:none}\n    #yg-contact .meta a:hover{text-decoration:underline}\n\n    \/* CF7 flat styling *\/\n    #yg-contact .wpcf7{margin:0}\n    #yg-contact .wpcf7 form{margin:0}\n    #yg-contact .wpcf7 p{margin:0 0 10px}\n    #yg-contact .wpcf7 label{display:block;font-size:13px;color:var(--muted);margin:0 0 6px}\n    #yg-contact .wpcf7 input[type=\"text\"],\n    #yg-contact .wpcf7 input[type=\"email\"],\n    #yg-contact .wpcf7 input[type=\"tel\"],\n    #yg-contact .wpcf7 select,\n    #yg-contact .wpcf7 textarea{\n      width:100%;\n      border:1px solid var(--line);\n      border-radius:12px;\n      padding:12px 12px;\n      background:#fff;\n      color:var(--ink);\n      font-size:14.5px;\n      outline:none;\n      box-shadow:none;\n      -webkit-appearance:none;\n      appearance:none;\n    }\n    #yg-contact .wpcf7 textarea{min-height:140px;resize:vertical}\n    #yg-contact .wpcf7 input:focus,\n    #yg-contact .wpcf7 select:focus,\n    #yg-contact .wpcf7 textarea:focus{\n      border-color:#c9cdd8;\n    }\n\n    #yg-contact .wpcf7 input[type=\"submit\"]{\n      width:100%;\n      border:1px solid var(--line);\n      border-radius:999px;\n      padding:12px 16px;\n      background:var(--ink);\n      color:#fff;\n      font-weight:800;\n      font-size:14px;\n      cursor:pointer;\n      box-shadow:none;\n    }\n    #yg-contact .wpcf7 input[type=\"submit\"]:hover{opacity:.92}\n\n    #yg-contact .wpcf7 .wpcf7-response-output{\n      border:1px solid var(--line);\n      margin:12px 0 0;\n      padding:10px 12px;\n      border-radius:12px;\n      color:var(--muted);\n    }\n    #yg-contact .wpcf7 span.wpcf7-not-valid-tip{\n      font-size:12px;\n      margin-top:6px;\n    }\n\n    #yg-contact .map{\n      margin-top:14px;\n      border:1px solid var(--line);\n      border-radius:14px;\n      overflow:hidden;\n      background:#fff;\n    }\n    #yg-contact iframe{display:block;width:100%;height:340px;border:0}\n\n    @media (max-width: 900px){\n      #yg-contact .grid{grid-template-columns:1fr}\n      #yg-contact iframe{height:320px}\n    }\n  <\/style>\n\n  <div class=\"container\">\n\n    <div class=\"hero\">\n      <span class=\"kicker\">\u0130leti\u015fim<\/span>\n      <h1>G\u00f6r\u00fc\u015felim<\/h1>\n      <p class=\"lead\">\n        \u0130htiyac\u0131n\u0131z\u0131 k\u0131saca yaz\u0131n; talebinizi inceleyip net bir sonraki ad\u0131mla geri d\u00f6nelim.\n        Acil bir konu ise mesaj\u0131n ba\u015f\u0131na <b>\u201cAC\u0130L\u201d<\/b> yazabilirsiniz.\n      <\/p>\n    <\/div>\n\n    <div class=\"grid\">\n\n      <!-- LEFT: FORM -->\n      <div class=\"panel\" aria-label=\"\u0130leti\u015fim formu\">\n        <h2>Mesaj G\u00f6nderin<\/h2>\n        <p>\n          L\u00fctfen ihtiya\u00e7 duydu\u011funuz hizmeti se\u00e7in ve detaylar\u0131 k\u0131sa \u015fekilde payla\u015f\u0131n.\n          En k\u0131sa s\u00fcrede d\u00f6n\u00fc\u015f sa\u011flayaca\u011f\u0131z.\n        <\/p>\n\n        \n<div class=\"wpcf7 no-js\" id=\"wpcf7-f1683-o1\" lang=\"tr-TR\" dir=\"ltr\" data-wpcf7-id=\"1683\">\n<div class=\"screen-reader-response\"><p role=\"status\" aria-live=\"polite\" aria-atomic=\"true\"><\/p> <ul><\/ul><\/div>\n<form action=\"\/tr\/wp-json\/wp\/v2\/pages\/62#wpcf7-f1683-o1\" method=\"post\" class=\"wpcf7-form init\" aria-label=\"\u0130leti\u015fim Formu\" novalidate=\"novalidate\" data-status=\"init\">\n<fieldset class=\"hidden-fields-container\"><input type=\"hidden\" name=\"_wpcf7\" value=\"1683\" \/><input type=\"hidden\" name=\"_wpcf7_version\" value=\"6.1.4\" \/><input type=\"hidden\" name=\"_wpcf7_locale\" value=\"tr_TR\" \/><input type=\"hidden\" name=\"_wpcf7_unit_tag\" value=\"wpcf7-f1683-o1\" \/><input type=\"hidden\" name=\"_wpcf7_container_post\" value=\"0\" \/><input type=\"hidden\" name=\"_wpcf7_posted_data_hash\" value=\"\" \/>\n<\/fieldset>\n<p><span class=\"wpcf7-form-control-wrap\" data-name=\"full-name\"><input size=\"40\" maxlength=\"400\" class=\"wpcf7-form-control wpcf7-text wpcf7-validates-as-required\" autocomplete=\"name\" aria-required=\"true\" aria-invalid=\"false\" placeholder=\"Ad Soyad*\" value=\"\" type=\"text\" name=\"full-name\" \/><\/span>\n<\/p>\n<p><span class=\"wpcf7-form-control-wrap\" data-name=\"email\"><input size=\"40\" maxlength=\"400\" class=\"wpcf7-form-control wpcf7-email wpcf7-validates-as-required wpcf7-text wpcf7-validates-as-email\" autocomplete=\"email\" aria-required=\"true\" aria-invalid=\"false\" placeholder=\"E-posta*\" value=\"\" type=\"email\" name=\"email\" \/><\/span>\n<\/p>\n<p><span class=\"wpcf7-form-control-wrap\" data-name=\"phone\"><input size=\"40\" maxlength=\"400\" class=\"wpcf7-form-control wpcf7-tel wpcf7-text wpcf7-validates-as-tel\" autocomplete=\"tel\" aria-invalid=\"false\" placeholder=\"Telefon (opsiyonel)\" value=\"\" type=\"tel\" name=\"phone\" \/><\/span>\n<\/p>\n<p><span class=\"wpcf7-form-control-wrap\" data-name=\"service\"><select class=\"wpcf7-form-control wpcf7-select wpcf7-validates-as-required\" aria-required=\"true\" aria-invalid=\"false\" name=\"service\"><option value=\"\">&#8212;L\u00fctfen bir se\u00e7enek se\u00e7in&#8212;<\/option><option value=\"Uluslararas\u0131 Marka Tescil Stratejisi &amp; Koordinasyon\">Uluslararas\u0131 Marka Tescil Stratejisi &amp; Koordinasyon<\/option><option value=\"Amazon Hesap Kurulumu (A\u2013Z)\">Amazon Hesap Kurulumu (A\u2013Z)<\/option><option value=\"Ayl\u0131k Amazon Y\u00f6netimi &amp; B\u00fcy\u00fcme Dan\u0131\u015fmanl\u0131\u011f\u0131\">Ayl\u0131k Amazon Y\u00f6netimi &amp; B\u00fcy\u00fcme Dan\u0131\u015fmanl\u0131\u011f\u0131<\/option><option value=\"Global Lojistik &amp; Depo Yap\u0131land\u0131rmas\u0131\">Global Lojistik &amp; Depo Yap\u0131land\u0131rmas\u0131<\/option><option value=\"Platform \u0130hlalleri &amp; IP Koruma Stratejisi (Amazon Odakl\u0131)\">Platform \u0130hlalleri &amp; IP Koruma Stratejisi (Amazon Odakl\u0131)<\/option><option value=\"\u015eirket Yap\u0131lanmas\u0131 (Koordinasyon) &amp; Operasyonel Kurgu\">\u015eirket Yap\u0131lanmas\u0131 (Koordinasyon) &amp; Operasyonel Kurgu<\/option><option value=\"Pazaryeri Dan\u0131\u015fmanl\u0131\u011f\u0131 (Trendyol \/ vb.)\">Pazaryeri Dan\u0131\u015fmanl\u0131\u011f\u0131 (Trendyol \/ vb.)<\/option><option value=\"E-Ticaret Web Tasar\u0131m\u0131 &amp; Altyap\u0131 Kurulumu\">E-Ticaret Web Tasar\u0131m\u0131 &amp; Altyap\u0131 Kurulumu<\/option><option value=\"Google Ads Y\u00f6netimi (Koordinasyon)\">Google Ads Y\u00f6netimi (Koordinasyon)<\/option><option value=\"Meta Ads Y\u00f6netimi (Koordinasyon)\">Meta Ads Y\u00f6netimi (Koordinasyon)<\/option><\/select><\/span>\n<\/p>\n<p><span class=\"wpcf7-form-control-wrap\" data-name=\"company\"><input size=\"40\" maxlength=\"400\" class=\"wpcf7-form-control wpcf7-text\" aria-invalid=\"false\" placeholder=\"\u015eirket (opsiyonel)\" value=\"\" type=\"text\" name=\"company\" \/><\/span>\n<\/p>\n<p><span class=\"wpcf7-form-control-wrap\" data-name=\"message\"><textarea cols=\"40\" rows=\"10\" maxlength=\"2000\" class=\"wpcf7-form-control wpcf7-textarea wpcf7-validates-as-required\" aria-required=\"true\" aria-invalid=\"false\" placeholder=\"Mesaj\u0131n\u0131z*\" name=\"message\"><\/textarea><\/span>\n<\/p>\n<p><input class=\"wpcf7-form-control wpcf7-submit has-spinner\" type=\"submit\" value=\"Mesaj G\u00f6nder\" \/>\n<\/p>\n<p style=\"margin:10px 0 0;font-size:12px;line-height:1.5;opacity:.85;\"><br \/>\nFormu g\u00f6ndererek Gizlilik Politikas\u0131 ve \u015eartlar & Ko\u015fullar kapsam\u0131ndaki bilgilendirmeyi okudu\u011funuzu ve ileti\u015fim kurulmas\u0131na onay verdi\u011finizi kabul etmi\u015f say\u0131l\u0131rs\u0131n\u0131z.\n<\/p>\n<p style=\"margin:10px 0 0;font-size:12px;line-height:1.5;opacity:.85;\"><br \/>\nTurkey Brand Law, yabanc\u0131 \u00fclkelerde yerel avukatl\u0131k faaliyeti y\u00fcr\u00fctmez. Uluslararas\u0131 marka, e-ticaret ve operasyon s\u00fcre\u00e7lerinde hukuki risk analizi, strateji geli\u015ftirme ve s\u00fcre\u00e7 y\u00f6netimi sa\u011flar; gerekti\u011finde ilgili \u00fclkelerde lisansl\u0131 profesyonellerle koordinasyon kurar.\n<\/p><div class=\"wpcf7-response-output\" aria-hidden=\"true\"><\/div>\n<\/form>\n<\/div>\n\n      <\/div>\n\n      <!-- RIGHT: INFO -->\n      <aside class=\"panel\" aria-label=\"\u0130leti\u015fim bilgileri\">\n        <h2>\u0130leti\u015fim Bilgileri<\/h2>\n        <p>\n          Turkey Brand Law; marka tescil stratejisi, Amazon kurulum ve \u00fclkeye g\u00f6re operasyon yap\u0131lanmalar\u0131nda\n          avukat g\u00f6zetiminde s\u00fcre\u00e7 y\u00f6netimi sa\u011flar. Yurtd\u0131\u015f\u0131 m\u00fcvekkillerle ileti\u015fim \u0130ngilizce y\u00fcr\u00fct\u00fclebilir.\n        <\/p>\n\n        <div class=\"meta\">\n          <div><b>Telefon \/ WhatsApp:<\/b> <a href=\"tel:+905421570634\">+90 542 157 0634<\/a><\/div>\n          <div><b>E-posta:<\/b> <a href=\"mailto:info@gokhanyagmur.com\">info@gokhanyagmur.com<\/a><\/div>\n          <div><b>Ofis:<\/b> Kartaltepe Mah. S\u00fcvari Cad. No: 4, Metropark Sefak\u00f6y Rezidans A Blok, Daire 22, K\u00fc\u00e7\u00fck\u00e7ekmece, \u0130stanbul<\/div>\n\n          <div style=\"font-size:12.5px;line-height:1.55;\">\n            Formu g\u00f6ndererek Gizlilik Politikas\u0131 ve Ayd\u0131nlatma Metni kapsam\u0131ndaki bilgilendirmeyi okudu\u011funuzu ve\n            ileti\u015fim kurulmas\u0131na r\u0131za g\u00f6sterdi\u011finizi kabul etmi\u015f say\u0131l\u0131rs\u0131n\u0131z.\n          <\/div>\n\n          <div style=\"font-size:12.5px;line-height:1.55;\">\n            Turkey Brand Law, yabanc\u0131 \u00fclkelerde yerel avukatl\u0131k faaliyeti y\u00fcr\u00fctmez. Uluslararas\u0131 marka, e-ticaret ve operasyon s\u00fcre\u00e7lerinde\n            hukuki risk analizi, strateji geli\u015ftirme ve s\u00fcre\u00e7 y\u00f6netimi sa\u011flar; gerekti\u011finde ilgili \u00fclkelerde lisansl\u0131 profesyonellerle koordinasyon kurar.\n          <\/div>\n        <\/div>\n\n        <div class=\"map\" aria-label=\"Harita\">\n          <iframe\n            src=\"https:\/\/www.google.com\/maps\/embed?pb=!1m18!1m12!1m3!1d24089.4808175056!2d28.799795200000002!3d40.9993216!2m3!1f0!2f0!3f0!3m2!1i1024!2i768!4f13.1!3m3!1m2!1s0x14caa3f19acafb4f%3A0xb172899cff27927a!2zQXZ1a2F0IEfDtmtoYW4gWWHEn211ciB8IEvDvMOnw7xrw6dla21lY2UgQm_Fn2FubWEsIENlemEsIMSwY3JhIHZlIEdheXJpbWVua3VsIEF2dWthdMSxIHwgU2VmYWvDtnkgTWV0cm9wYXJrIE9maXNp!5e0!3m2!1str!2str!4v1766058267233!5m2!1str!2str\"\n            width=\"100%\"\n            height=\"340\"\n            style=\"border:0;\"\n            allowfullscreen=\"\"\n            loading=\"lazy\"\n            referrerpolicy=\"no-referrer-when-downgrade\">\n          <\/iframe>\n        <\/div>\n      <\/aside>\n\n    <\/div>\n  <\/div>\n<\/section>\t\t\t\t<\/div>\n\t\t\t\t\t<\/div>\n\t\t\t\t<\/div>\n\t\t<div class=\"elementor-element elementor-element-4f61313 e-flex e-con-boxed e-con e-parent\" data-id=\"4f61313\" data-element_type=\"container\">\n\t\t\t\t\t<div class=\"e-con-inner\">\n\t\t\t\t<div class=\"elementor-element elementor-element-218be71 elementor-widget elementor-widget-html\" data-id=\"218be71\" data-element_type=\"widget\" data-settings=\"{&quot;ekit_we_effect_on&quot;:&quot;none&quot;}\" data-widget_type=\"html.default\">\n\t\t\t\t\t<script>\ndocument.addEventListener('wpcf7mailsent', function(event) {\n  \/\/ Bu sayfada g\u00f6nderilen herhangi bir CF7 formu ba\u015far\u0131l\u0131 olunca y\u00f6nlendir\n  window.location.href = '\/tr\/tesekkurler\/';\n}, false);\n<\/script>\t\t\t\t<\/div>\n\t\t\t\t\t<\/div>\n\t\t\t\t<\/div>\n\t\t<div class=\"elementor-element elementor-element-134165f e-flex e-con-boxed e-con e-child\" data-id=\"134165f\" data-element_type=\"container\">\n\t\t\t\t\t<div class=\"e-con-inner\">\n\t\t<div class=\"elementor-element elementor-element-21fa8c3 e-con-full e-flex e-con e-child\" data-id=\"21fa8c3\" data-element_type=\"container\">\n\t\t<div class=\"elementor-element elementor-element-6c78828 e-con-full e-flex e-con e-child\" data-id=\"6c78828\" data-element_type=\"container\">\n\t\t\t\t<div class=\"elementor-element elementor-element-4def4e7 elementor-widget elementor-widget-heading\" data-id=\"4def4e7\" data-element_type=\"widget\" data-settings=\"{&quot;ekit_we_effect_on&quot;:&quot;none&quot;}\" data-widget_type=\"heading.default\">\n\t\t\t\t\t<h6 class=\"elementor-heading-title elementor-size-default\">Temas Kurun<\/h6>\t\t\t\t<\/div>\n\t\t\t\t<\/div>\n\t\t<div class=\"elementor-element elementor-element-9fa8caa e-con-full e-grid e-con e-child\" data-id=\"9fa8caa\" data-element_type=\"container\">\n\t\t<div class=\"elementor-element elementor-element-6734022 e-con-full e-flex e-con e-child\" data-id=\"6734022\" data-element_type=\"container\" data-settings=\"{&quot;background_background&quot;:&quot;classic&quot;}\">\n\t\t\t\t<div class=\"elementor-element elementor-element-6175533 elementor-view-stacked elementor-shape-rounded elementor-position-top elementor-widget elementor-widget-icon-box\" data-id=\"6175533\" data-element_type=\"widget\" data-settings=\"{&quot;ekit_we_effect_on&quot;:&quot;none&quot;}\" data-widget_type=\"icon-box.default\">\n\t\t\t\t\t\t\t<div class=\"elementor-icon-box-wrapper\">\n\n\t\t\t\t\t\t<div class=\"elementor-icon-box-icon\">\n\t\t\t\t<span  class=\"elementor-icon\">\n\t\t\t\t<i aria-hidden=\"true\" class=\"fas fa-phone-alt\"><\/i>\t\t\t\t<\/span>\n\t\t\t<\/div>\n\t\t\t\n\t\t\t\t\t\t<div class=\"elementor-icon-box-content\">\n\n\t\t\t\t\t\t\t\t\t<h3 class=\"elementor-icon-box-title\">\n\t\t\t\t\t\t<span  >\n\t\t\t\t\t\t\tTelefon\t\t\t\t\t\t<\/span>\n\t\t\t\t\t<\/h3>\n\t\t\t\t\n\t\t\t\t\t\t\t\t\t<p class=\"elementor-icon-box-description\">\n\t\t\t\t\t\t+90 542 157 0634\t\t\t\t\t<\/p>\n\t\t\t\t\n\t\t\t<\/div>\n\t\t\t\n\t\t<\/div>\n\t\t\t\t\t\t<\/div>\n\t\t\t\t<\/div>\n\t\t<div class=\"elementor-element elementor-element-89f5b91 e-con-full e-flex e-con e-child\" data-id=\"89f5b91\" data-element_type=\"container\" data-settings=\"{&quot;background_background&quot;:&quot;classic&quot;}\">\n\t\t\t\t<div class=\"elementor-element elementor-element-e13cf61 elementor-view-stacked elementor-shape-rounded elementor-position-top elementor-widget elementor-widget-icon-box\" data-id=\"e13cf61\" data-element_type=\"widget\" data-settings=\"{&quot;ekit_we_effect_on&quot;:&quot;none&quot;}\" data-widget_type=\"icon-box.default\">\n\t\t\t\t\t\t\t<div class=\"elementor-icon-box-wrapper\">\n\n\t\t\t\t\t\t<div class=\"elementor-icon-box-icon\">\n\t\t\t\t<span  class=\"elementor-icon\">\n\t\t\t\t<i aria-hidden=\"true\" class=\"far fa-envelope\"><\/i>\t\t\t\t<\/span>\n\t\t\t<\/div>\n\t\t\t\n\t\t\t\t\t\t<div class=\"elementor-icon-box-content\">\n\n\t\t\t\t\t\t\t\t\t<h3 class=\"elementor-icon-box-title\">\n\t\t\t\t\t\t<span  >\n\t\t\t\t\t\t\tEmail\t\t\t\t\t\t<\/span>\n\t\t\t\t\t<\/h3>\n\t\t\t\t\n\t\t\t\t\t\t\t\t\t<p class=\"elementor-icon-box-description\">\n\t\t\t\t\t\tinfo@gokhanyagmur.com\t\t\t\t\t<\/p>\n\t\t\t\t\n\t\t\t<\/div>\n\t\t\t\n\t\t<\/div>\n\t\t\t\t\t\t<\/div>\n\t\t\t\t<\/div>\n\t\t<div class=\"elementor-element elementor-element-09ed72c e-con-full e-flex e-con e-child\" data-id=\"09ed72c\" data-element_type=\"container\" data-settings=\"{&quot;background_background&quot;:&quot;classic&quot;}\">\n\t\t\t\t<div class=\"elementor-element elementor-element-08f951c elementor-view-stacked elementor-shape-rounded elementor-position-top elementor-widget elementor-widget-icon-box\" data-id=\"08f951c\" data-element_type=\"widget\" data-settings=\"{&quot;ekit_we_effect_on&quot;:&quot;none&quot;}\" data-widget_type=\"icon-box.default\">\n\t\t\t\t\t\t\t<div class=\"elementor-icon-box-wrapper\">\n\n\t\t\t\t\t\t<div class=\"elementor-icon-box-icon\">\n\t\t\t\t<span  class=\"elementor-icon\">\n\t\t\t\t<i aria-hidden=\"true\" class=\"far fa-clock\"><\/i>\t\t\t\t<\/span>\n\t\t\t<\/div>\n\t\t\t\n\t\t\t\t\t\t<div class=\"elementor-icon-box-content\">\n\n\t\t\t\t\t\t\t\t\t<h3 class=\"elementor-icon-box-title\">\n\t\t\t\t\t\t<span  >\n\t\t\t\t\t\t\t\u00c7al\u0131\u015fma saatleri \t\t\t\t\t\t<\/span>\n\t\t\t\t\t<\/h3>\n\t\t\t\t\n\t\t\t\t\t\t\t\t\t<p class=\"elementor-icon-box-description\">\n\t\t\t\t\t\tHafta \u0130\u00e7i 09:00 - 19:00\t\t\t\t\t<\/p>\n\t\t\t\t\n\t\t\t<\/div>\n\t\t\t\n\t\t<\/div>\n\t\t\t\t\t\t<\/div>\n\t\t\t\t<\/div>\n\t\t\t\t<\/div>\n\t\t\t\t<\/div>\n\t\t\t\t\t<\/div>\n\t\t\t\t<\/div>\n\t\t<div class=\"elementor-element elementor-element-7020f0e e-con-full e-flex e-con e-parent\" data-id=\"7020f0e\" data-element_type=\"container\">\n\t\t\t\t<div class=\"elementor-element elementor-element-10ba552 elementor-widget elementor-widget-google_maps\" data-id=\"10ba552\" data-element_type=\"widget\" data-settings=\"{&quot;ekit_we_effect_on&quot;:&quot;none&quot;}\" data-widget_type=\"google_maps.default\">\n\t\t\t\t\t\t\t<div class=\"elementor-custom-embed\">\n\t\t\t<iframe loading=\"lazy\"\n\t\t\t\t\tsrc=\"https:\/\/maps.google.com\/maps?q=avukat%20g%C3%B6khan%20ya%C4%9Fmur&#038;t=m&#038;z=12&#038;output=embed&#038;iwloc=near\"\n\t\t\t\t\ttitle=\"avukat g\u00f6khan ya\u011fmur\"\n\t\t\t\t\taria-label=\"avukat g\u00f6khan ya\u011fmur\"\n\t\t\t><\/iframe>\n\t\t<\/div>\n\t\t\t\t\t\t<\/div>\n\t\t\t\t<\/div>\n\t\t\t\t<\/div>\n\t\t","protected":false},"excerpt":{"rendered":"<p>\u0130leti\u015fim G\u00f6r\u00fc\u015felim \u0130htiyac\u0131n\u0131z\u0131 k\u0131saca yaz\u0131n; talebinizi inceleyip net bir sonraki ad\u0131mla geri d\u00f6nelim. Acil bir konu ise mesaj\u0131n ba\u015f\u0131na \u201cAC\u0130L\u201d yazabilirsiniz. Mesaj G\u00f6nderin L\u00fctfen ihtiya\u00e7 duydu\u011funuz hizmeti se\u00e7in ve detaylar\u0131 k\u0131sa \u015fekilde payla\u015f\u0131n. En k\u0131sa s\u00fcrede d\u00f6n\u00fc\u015f sa\u011flayaca\u011f\u0131z. \u0130leti\u015fim Bilgileri Turkey Brand Law; marka tescil stratejisi, Amazon kurulum ve \u00fclkeye g\u00f6re operasyon yap\u0131lanmalar\u0131nda avukat g\u00f6zetiminde [&hellip;]<\/p>\n","protected":false},"author":1,"featured_media":0,"parent":0,"menu_order":0,"comment_status":"closed","ping_status":"closed","template":"elementor_header_footer","meta":{"footnotes":""},"class_list":["post-62","page","type-page","status-publish","hentry"],"_links":{"self":[{"href":"https:\/\/www.turkeybrandlaw.com\/tr\/wp-json\/wp\/v2\/pages\/62","targetHints":{"allow":["GET"]}}],"collection":[{"href":"https:\/\/www.turkeybrandlaw.com\/tr\/wp-json\/wp\/v2\/pages"}],"about":[{"href":"https:\/\/www.turkeybrandlaw.com\/tr\/wp-json\/wp\/v2\/types\/page"}],"author":[{"embeddable":true,"href":"https:\/\/www.turkeybrandlaw.com\/tr\/wp-json\/wp\/v2\/users\/1"}],"replies":[{"embeddable":true,"href":"https:\/\/www.turkeybrandlaw.com\/tr\/wp-json\/wp\/v2\/comments?post=62"}],"version-history":[{"count":22,"href":"https:\/\/www.turkeybrandlaw.com\/tr\/wp-json\/wp\/v2\/pages\/62\/revisions"}],"predecessor-version":[{"id":1841,"href":"https:\/\/www.turkeybrandlaw.com\/tr\/wp-json\/wp\/v2\/pages\/62\/revisions\/1841"}],"wp:attachment":[{"href":"https:\/\/www.turkeybrandlaw.com\/tr\/wp-json\/wp\/v2\/media?parent=62"}],"curies":[{"name":"wp","href":"https:\/\/api.w.org\/{rel}","templated":true}]}}